{"id":16,"date":"2026-05-07T16:42:35","date_gmt":"2026-05-07T16:42:35","guid":{"rendered":"https:\/\/clubletrefle1.be\/?page_id=16"},"modified":"2026-05-07T16:44:17","modified_gmt":"2026-05-07T16:44:17","slug":"paiement-pluxee","status":"publish","type":"page","link":"https:\/\/clubletrefle1.be\/","title":{"rendered":"Paiement Pluxee"},"content":{"rendered":"\n<div class=\"wp-block-group alignfull is-layout-flow wp-block-group-is-layout-flow\" style=\"margin-top:0;margin-bottom:0\">\n<div class=\"wp-block-columns alignfull is-not-stacked-on-mobile is-layout-flex wp-container-core-columns-is-layout-65d4918a wp-block-columns-is-layout-flex\" style=\"margin-top:0;margin-bottom:0;padding-top:var(--wp--preset--spacing--40);padding-right:var(--wp--preset--spacing--40);padding-bottom:var(--wp--preset--spacing--80);padding-left:var(--wp--preset--spacing--40)\">\n<div class=\"wp-block-column is-layout-flow wp-block-column-is-layout-flow\" style=\"flex-basis:66.66%\">\n<div class=\"wp-block-group is-vertical is-content-justification-stretch is-layout-flex wp-container-core-group-is-layout-3f01f30c wp-block-group-is-layout-flex\">\n<h2 class=\"wp-block-heading has-xx-large-font-size\"><a href=\"https:\/\/clubletrefle1.be\/?pluxee-buy=1&amp;amount=100\">Faire valoir mon cheque Sport<\/a><\/h2>\n\n\n\n<p class=\"has-x-large-font-size\">Lundi 1er janvier<\/p>\n\n\n\n<div style=\"height:0px\" aria-hidden=\"true\" class=\"wp-block-spacer wp-container-content-36c51660\"><\/div>\n<\/div>\n<\/div>\n\n\n\n<div class=\"wp-block-column is-layout-flow wp-block-column-is-layout-flow\" style=\"flex-basis:12vw\"><\/div>\n\n\n\n<div class=\"wp-block-column is-layout-flow wp-block-column-is-layout-flow\">\n<div class=\"wp-block-group is-content-justification-right is-nowrap is-layout-flex wp-container-core-group-is-layout-fd526d70 wp-block-group-is-layout-flex\">\n<p class=\"has-text-align-left\" style=\"line-height:0.6;text-transform:uppercase;writing-mode:vertical-rl\">Atelier gratuit<\/p>\n<\/div>\n<\/div>\n<\/div>\n\n\n\n<div class=\"wp-block-columns alignfull is-style-section-2 is-layout-flex wp-container-core-columns-is-layout-47d8061b wp-block-columns-is-layout-flex\" style=\"padding-top:0;padding-bottom:0\">\n<div class=\"wp-block-column is-layout-flow wp-block-column-is-layout-flow\" style=\"flex-basis:50%\">\n<div class=\"wp-block-group is-vertical is-content-justification-stretch is-layout-flex wp-container-core-group-is-layout-a432a1e7 wp-block-group-is-layout-flex\" style=\"min-height:33vh;padding-top:var(--wp--preset--spacing--50);padding-right:var(--wp--preset--spacing--50);padding-bottom:var(--wp--preset--spacing--50);padding-left:var(--wp--preset--spacing--50)\">\n<p>Cet \u00e9v\u00e8nement immersif c\u00e9l\u00e8bre l\u2019exp\u00e9rience humaine universelle \u00e0 travers les prismes de l\u2019histoire et de la filiation, mettant en avant une diversit\u00e9 de photographes dont les \u0153uvres saisissent l\u2019essence de diff\u00e9rentes cultures et \u00e9poques historiques.<\/p>\n\n\n\n<div style=\"height:0px\" aria-hidden=\"true\" class=\"wp-block-spacer wp-container-content-6388d5dc\"><\/div>\n\n\n\n<h2 class=\"wp-block-heading has-xx-large-font-size\"><a href=\"#\">R\u00e9servation<\/a><\/h2>\n<\/div>\n<\/div>\n\n\n\n<div class=\"wp-block-column is-layout-flow wp-block-column-is-layout-flow\" style=\"flex-basis:50%\">\n<div class=\"wp-block-cover is-light\"><img decoding=\"async\" class=\"wp-block-cover__image-background\" alt=\"Photo en gros plan de fleurs blanches sur un arri\u00e8re-plan gris\" src=\"https:\/\/clubletrefle1.be\/wp-content\/themes\/twentytwentyfive\/assets\/images\/botany-flowers-closeup.webp\" data-object-fit=\"cover\"\/><span aria-hidden=\"true\" class=\"wp-block-cover__background has-background-dim-0 has-background-dim\"><\/span><div class=\"wp-block-cover__inner-container is-layout-flow wp-block-cover-is-layout-flow\">\n<div style=\"height:var(--wp--preset--spacing--20)\" aria-hidden=\"true\" class=\"wp-block-spacer\"><\/div>\n<\/div><\/div>\n<\/div>\n<\/div>\n<\/div>\n","protected":false},"excerpt":{"rendered":"<p>Faire valoir mon cheque Sport Lundi 1er janvier Atelier gratuit Cet \u00e9v\u00e8nement immersif c\u00e9l\u00e8bre l\u2019exp\u00e9rience humaine universelle \u00e0 travers les prismes de l\u2019histoire et de la filiation, mettant en avant une diversit\u00e9 de photographes dont les \u0153uvres saisissent l\u2019essence de diff\u00e9rentes cultures et \u00e9poques historiques. R\u00e9servation<\/p>\n","protected":false},"author":1,"featured_media":0,"parent":0,"menu_order":0,"comment_status":"closed","ping_status":"closed","template":"","meta":{"footnotes":""},"class_list":["post-16","page","type-page","status-publish","hentry"],"_links":{"self":[{"href":"https:\/\/clubletrefle1.be\/index.php?rest_route=\/wp\/v2\/pages\/16","targetHints":{"allow":["GET"]}}],"collection":[{"href":"https:\/\/clubletrefle1.be\/index.php?rest_route=\/wp\/v2\/pages"}],"about":[{"href":"https:\/\/clubletrefle1.be\/index.php?rest_route=\/wp\/v2\/types\/page"}],"author":[{"embeddable":true,"href":"https:\/\/clubletrefle1.be\/index.php?rest_route=\/wp\/v2\/users\/1"}],"replies":[{"embeddable":true,"href":"https:\/\/clubletrefle1.be\/index.php?rest_route=%2Fwp%2Fv2%2Fcomments&post=16"}],"version-history":[{"count":2,"href":"https:\/\/clubletrefle1.be\/index.php?rest_route=\/wp\/v2\/pages\/16\/revisions"}],"predecessor-version":[{"id":19,"href":"https:\/\/clubletrefle1.be\/index.php?rest_route=\/wp\/v2\/pages\/16\/revisions\/19"}],"wp:attachment":[{"href":"https:\/\/clubletrefle1.be\/index.php?rest_route=%2Fwp%2Fv2%2Fmedia&parent=16"}],"curies":[{"name":"wp","href":"https:\/\/api.w.org\/{rel}","templated":true}]}}